{"id":1600,"date":"2017-10-27T09:09:51","date_gmt":"2017-10-27T09:09:51","guid":{"rendered":"http:\/\/www.fruskogorski-maraton.com\/prijave\/"},"modified":"2025-07-14T14:15:43","modified_gmt":"2025-07-14T12:15:43","slug":"applications","status":"publish","type":"page","link":"https:\/\/www.fruskogorski-maraton.com\/en\/applications\/","title":{"rendered":"Applications"},"content":{"rendered":"","protected":false},"excerpt":{"rendered":"","protected":false},"author":4,"featured_media":0,"parent":0,"menu_order":0,"comment_status":"closed","ping_status":"closed","template":"template-parts\/template-registration-frontpage.php","meta":{"_acf_changed":false,"footnotes":""},"class_list":["post-1600","page","type-page","status-publish","hentry"],"acf":[],"yoast_head":"<!-- This site is optimized with the Yoast SEO plugin v27.2 - https:\/\/yoast.com\/product\/yoast-seo-wordpress\/ -->\n<title>Applications - Fru\u0161kogorski maraton - Prijave za Fru\u0161kogorski maraton<\/title>\n<meta name=\"description\" content=\"Prijave za 41. Fru\u0161kogorski Maraton - 28-29.04.2018. Individualna &quot;Sport&quot; prijava, Individualna &quot;Fun&quot; prijava, Grupna prijava\" \/>\n<meta name=\"robots\" content=\"index, follow, max-snippet:-1, max-image-preview:large, max-video-preview:-1\" \/>\n<link rel=\"canonical\" href=\"https:\/\/www.fruskogorski-maraton.com\/en\/applications\/\" \/>\n<meta property=\"og:locale\" content=\"en_US\" \/>\n<meta property=\"og:type\" content=\"article\" \/>\n<meta property=\"og:title\" content=\"Applications - Fru\u0161kogorski maraton - Prijave za Fru\u0161kogorski maraton\" \/>\n<meta property=\"og:description\" content=\"Prijave za 41. Fru\u0161kogorski Maraton - 28-29.04.2018. Individualna &quot;Sport&quot; prijava, Individualna &quot;Fun&quot; prijava, Grupna prijava\" \/>\n<meta property=\"og:url\" content=\"https:\/\/www.fruskogorski-maraton.com\/en\/applications\/\" \/>\n<meta property=\"og:site_name\" content=\"Fru\u0161kogorski maraton\" \/>\n<meta property=\"article:publisher\" content=\"https:\/\/www.facebook.com\/fgmaraton\" \/>\n<meta property=\"article:modified_time\" content=\"2025-07-14T12:15:43+00:00\" \/>\n<meta name=\"twitter:card\" content=\"summary_large_image\" \/>\n<meta name=\"twitter:label1\" content=\"Est. reading time\" \/>\n\t<meta name=\"twitter:data1\" content=\"2 minutes\" \/>\n<script type=\"application\/ld+json\" class=\"yoast-schema-graph\">{\"@context\":\"https:\/\/schema.org\",\"@graph\":[{\"@type\":\"WebPage\",\"@id\":\"https:\/\/www.fruskogorski-maraton.com\/en\/applications\/\",\"url\":\"https:\/\/www.fruskogorski-maraton.com\/en\/applications\/\",\"name\":\"Applications - Fru\u0161kogorski maraton - Prijave za Fru\u0161kogorski maraton\",\"isPartOf\":{\"@id\":\"https:\/\/www.fruskogorski-maraton.com\/#website\"},\"datePublished\":\"2017-10-27T09:09:51+00:00\",\"dateModified\":\"2025-07-14T12:15:43+00:00\",\"description\":\"Prijave za 41. Fru\u0161kogorski Maraton - 28-29.04.2018. Individualna \\\"Sport\\\" prijava, Individualna \\\"Fun\\\" prijava, Grupna prijava\",\"breadcrumb\":{\"@id\":\"https:\/\/www.fruskogorski-maraton.com\/en\/applications\/#breadcrumb\"},\"inLanguage\":\"en-US\",\"potentialAction\":[{\"@type\":\"ReadAction\",\"target\":[\"https:\/\/www.fruskogorski-maraton.com\/en\/applications\/\"]}]},{\"@type\":\"BreadcrumbList\",\"@id\":\"https:\/\/www.fruskogorski-maraton.com\/en\/applications\/#breadcrumb\",\"itemListElement\":[{\"@type\":\"ListItem\",\"position\":1,\"name\":\"\u041f\u043e\u0447\u0435\u0442\u043d\u0430\",\"item\":\"https:\/\/www.fruskogorski-maraton.com\/en\/\"},{\"@type\":\"ListItem\",\"position\":2,\"name\":\"Applications\"}]},{\"@type\":\"WebSite\",\"@id\":\"https:\/\/www.fruskogorski-maraton.com\/#website\",\"url\":\"https:\/\/www.fruskogorski-maraton.com\/\",\"name\":\"Fru\u0161kogorski maraton\",\"description\":\"takmi\u010darsko-rekreativna manifestacija me\u0111unarodnog karaktera\",\"publisher\":{\"@id\":\"https:\/\/www.fruskogorski-maraton.com\/#organization\"},\"potentialAction\":[{\"@type\":\"SearchAction\",\"target\":{\"@type\":\"EntryPoint\",\"urlTemplate\":\"https:\/\/www.fruskogorski-maraton.com\/?s={search_term_string}\"},\"query-input\":{\"@type\":\"PropertyValueSpecification\",\"valueRequired\":true,\"valueName\":\"search_term_string\"}}],\"inLanguage\":\"en-US\"},{\"@type\":\"Organization\",\"@id\":\"https:\/\/www.fruskogorski-maraton.com\/#organization\",\"name\":\"Fru\u0161kogorski maraton\",\"url\":\"https:\/\/www.fruskogorski-maraton.com\/\",\"logo\":{\"@type\":\"ImageObject\",\"inLanguage\":\"en-US\",\"@id\":\"https:\/\/www.fruskogorski-maraton.com\/#\/schema\/logo\/image\/\",\"url\":\"https:\/\/www.fruskogorski-maraton.com\/wp-content\/uploads\/2017\/10\/logo.png\",\"contentUrl\":\"https:\/\/www.fruskogorski-maraton.com\/wp-content\/uploads\/2017\/10\/logo.png\",\"width\":234,\"height\":70,\"caption\":\"Fru\u0161kogorski maraton\"},\"image\":{\"@id\":\"https:\/\/www.fruskogorski-maraton.com\/#\/schema\/logo\/image\/\"},\"sameAs\":[\"https:\/\/www.facebook.com\/fgmaraton\"]}]}<\/script>\n<!-- \/ Yoast SEO plugin. -->","yoast_head_json":{"title":"Applications - Fru\u0161kogorski maraton - Prijave za Fru\u0161kogorski maraton","description":"Prijave za 41. Fru\u0161kogorski Maraton - 28-29.04.2018. Individualna \"Sport\" prijava, Individualna \"Fun\" prijava, Grupna prijava","robots":{"index":"index","follow":"follow","max-snippet":"max-snippet:-1","max-image-preview":"max-image-preview:large","max-video-preview":"max-video-preview:-1"},"canonical":"https:\/\/www.fruskogorski-maraton.com\/en\/applications\/","og_locale":"en_US","og_type":"article","og_title":"Applications - Fru\u0161kogorski maraton - Prijave za Fru\u0161kogorski maraton","og_description":"Prijave za 41. Fru\u0161kogorski Maraton - 28-29.04.2018. Individualna \"Sport\" prijava, Individualna \"Fun\" prijava, Grupna prijava","og_url":"https:\/\/www.fruskogorski-maraton.com\/en\/applications\/","og_site_name":"Fru\u0161kogorski maraton","article_publisher":"https:\/\/www.facebook.com\/fgmaraton","article_modified_time":"2025-07-14T12:15:43+00:00","twitter_card":"summary_large_image","twitter_misc":{"Est. reading time":"2 minutes"},"schema":{"@context":"https:\/\/schema.org","@graph":[{"@type":"WebPage","@id":"https:\/\/www.fruskogorski-maraton.com\/en\/applications\/","url":"https:\/\/www.fruskogorski-maraton.com\/en\/applications\/","name":"Applications - Fru\u0161kogorski maraton - Prijave za Fru\u0161kogorski maraton","isPartOf":{"@id":"https:\/\/www.fruskogorski-maraton.com\/#website"},"datePublished":"2017-10-27T09:09:51+00:00","dateModified":"2025-07-14T12:15:43+00:00","description":"Prijave za 41. Fru\u0161kogorski Maraton - 28-29.04.2018. Individualna \"Sport\" prijava, Individualna \"Fun\" prijava, Grupna prijava","breadcrumb":{"@id":"https:\/\/www.fruskogorski-maraton.com\/en\/applications\/#breadcrumb"},"inLanguage":"en-US","potentialAction":[{"@type":"ReadAction","target":["https:\/\/www.fruskogorski-maraton.com\/en\/applications\/"]}]},{"@type":"BreadcrumbList","@id":"https:\/\/www.fruskogorski-maraton.com\/en\/applications\/#breadcrumb","itemListElement":[{"@type":"ListItem","position":1,"name":"\u041f\u043e\u0447\u0435\u0442\u043d\u0430","item":"https:\/\/www.fruskogorski-maraton.com\/en\/"},{"@type":"ListItem","position":2,"name":"Applications"}]},{"@type":"WebSite","@id":"https:\/\/www.fruskogorski-maraton.com\/#website","url":"https:\/\/www.fruskogorski-maraton.com\/","name":"Fru\u0161kogorski maraton","description":"takmi\u010darsko-rekreativna manifestacija me\u0111unarodnog karaktera","publisher":{"@id":"https:\/\/www.fruskogorski-maraton.com\/#organization"},"potentialAction":[{"@type":"SearchAction","target":{"@type":"EntryPoint","urlTemplate":"https:\/\/www.fruskogorski-maraton.com\/?s={search_term_string}"},"query-input":{"@type":"PropertyValueSpecification","valueRequired":true,"valueName":"search_term_string"}}],"inLanguage":"en-US"},{"@type":"Organization","@id":"https:\/\/www.fruskogorski-maraton.com\/#organization","name":"Fru\u0161kogorski maraton","url":"https:\/\/www.fruskogorski-maraton.com\/","logo":{"@type":"ImageObject","inLanguage":"en-US","@id":"https:\/\/www.fruskogorski-maraton.com\/#\/schema\/logo\/image\/","url":"https:\/\/www.fruskogorski-maraton.com\/wp-content\/uploads\/2017\/10\/logo.png","contentUrl":"https:\/\/www.fruskogorski-maraton.com\/wp-content\/uploads\/2017\/10\/logo.png","width":234,"height":70,"caption":"Fru\u0161kogorski maraton"},"image":{"@id":"https:\/\/www.fruskogorski-maraton.com\/#\/schema\/logo\/image\/"},"sameAs":["https:\/\/www.facebook.com\/fgmaraton"]}]}},"_links":{"self":[{"href":"https:\/\/www.fruskogorski-maraton.com\/en\/wp-json\/wp\/v2\/pages\/1600","targetHints":{"allow":["GET"]}}],"collection":[{"href":"https:\/\/www.fruskogorski-maraton.com\/en\/wp-json\/wp\/v2\/pages"}],"about":[{"href":"https:\/\/www.fruskogorski-maraton.com\/en\/wp-json\/wp\/v2\/types\/page"}],"author":[{"embeddable":true,"href":"https:\/\/www.fruskogorski-maraton.com\/en\/wp-json\/wp\/v2\/users\/4"}],"replies":[{"embeddable":true,"href":"https:\/\/www.fruskogorski-maraton.com\/en\/wp-json\/wp\/v2\/comments?post=1600"}],"version-history":[{"count":13,"href":"https:\/\/www.fruskogorski-maraton.com\/en\/wp-json\/wp\/v2\/pages\/1600\/revisions"}],"predecessor-version":[{"id":17734,"href":"https:\/\/www.fruskogorski-maraton.com\/en\/wp-json\/wp\/v2\/pages\/1600\/revisions\/17734"}],"wp:attachment":[{"href":"https:\/\/www.fruskogorski-maraton.com\/en\/wp-json\/wp\/v2\/media?parent=1600"}],"curies":[{"name":"wp","href":"https:\/\/api.w.org\/{rel}","templated":true}]}}