{"id":1473,"date":"2017-10-31T10:30:10","date_gmt":"2017-10-31T10:30:10","guid":{"rendered":"http:\/\/www.fruskogorski-maraton.com\/ultra-ekstremni-maraton\/"},"modified":"2023-07-24T11:48:06","modified_gmt":"2023-07-24T09:48:06","slug":"ultra-extreme-marathon","status":"publish","type":"page","link":"https:\/\/www.fruskogorski-maraton.com\/en\/ultra-extreme-marathon\/","title":{"rendered":"Ultra Extreme Marathon"},"content":{"rendered":"","protected":false},"excerpt":{"rendered":"","protected":false},"author":4,"featured_media":0,"parent":0,"menu_order":0,"comment_status":"closed","ping_status":"closed","template":"template-parts\/template-innerpage.php","meta":{"_acf_changed":false,"footnotes":""},"class_list":["post-1473","page","type-page","status-publish","hentry"],"acf":[],"yoast_head":"<!-- This site is optimized with the Yoast SEO plugin v27.2 - https:\/\/yoast.com\/product\/yoast-seo-wordpress\/ -->\n<title>Ultra Extreme Marathon - Fru\u0161kogorski maraton - staze i okpene stanice<\/title>\n<meta name=\"description\" content=\"Ultra ekstremni maraton. Staza za ultra ekstremni maraton. Track za ultra ekstremni maraton. Okrepa za ultra ekstremni maraton\" \/>\n<meta name=\"robots\" content=\"index, follow, max-snippet:-1, max-image-preview:large, max-video-preview:-1\" \/>\n<link rel=\"canonical\" href=\"https:\/\/www.fruskogorski-maraton.com\/en\/ultra-extreme-marathon\/\" \/>\n<meta property=\"og:locale\" content=\"en_US\" \/>\n<meta property=\"og:type\" content=\"article\" \/>\n<meta property=\"og:title\" content=\"Ultra Extreme Marathon - Fru\u0161kogorski maraton - staze i okpene stanice\" \/>\n<meta property=\"og:description\" content=\"Ultra ekstremni maraton. Staza za ultra ekstremni maraton. Track za ultra ekstremni maraton. Okrepa za ultra ekstremni maraton\" \/>\n<meta property=\"og:url\" content=\"https:\/\/www.fruskogorski-maraton.com\/en\/ultra-extreme-marathon\/\" \/>\n<meta property=\"og:site_name\" content=\"Fru\u0161kogorski maraton\" \/>\n<meta property=\"article:publisher\" content=\"https:\/\/www.facebook.com\/fgmaraton\" \/>\n<meta property=\"article:modified_time\" content=\"2023-07-24T09:48:06+00:00\" \/>\n<meta name=\"twitter:card\" content=\"summary_large_image\" \/>\n<script type=\"application\/ld+json\" class=\"yoast-schema-graph\">{\"@context\":\"https:\/\/schema.org\",\"@graph\":[{\"@type\":\"WebPage\",\"@id\":\"https:\/\/www.fruskogorski-maraton.com\/en\/ultra-extreme-marathon\/\",\"url\":\"https:\/\/www.fruskogorski-maraton.com\/en\/ultra-extreme-marathon\/\",\"name\":\"Ultra Extreme Marathon - Fru\u0161kogorski maraton - staze i okpene stanice\",\"isPartOf\":{\"@id\":\"https:\/\/www.fruskogorski-maraton.com\/#website\"},\"datePublished\":\"2017-10-31T10:30:10+00:00\",\"dateModified\":\"2023-07-24T09:48:06+00:00\",\"description\":\"Ultra ekstremni maraton. Staza za ultra ekstremni maraton. Track za ultra ekstremni maraton. Okrepa za ultra ekstremni maraton\",\"breadcrumb\":{\"@id\":\"https:\/\/www.fruskogorski-maraton.com\/en\/ultra-extreme-marathon\/#breadcrumb\"},\"inLanguage\":\"en-US\",\"potentialAction\":[{\"@type\":\"ReadAction\",\"target\":[\"https:\/\/www.fruskogorski-maraton.com\/en\/ultra-extreme-marathon\/\"]}]},{\"@type\":\"BreadcrumbList\",\"@id\":\"https:\/\/www.fruskogorski-maraton.com\/en\/ultra-extreme-marathon\/#breadcrumb\",\"itemListElement\":[{\"@type\":\"ListItem\",\"position\":1,\"name\":\"\u041f\u043e\u0447\u0435\u0442\u043d\u0430\",\"item\":\"https:\/\/www.fruskogorski-maraton.com\/en\/\"},{\"@type\":\"ListItem\",\"position\":2,\"name\":\"Ultra Extreme Marathon\"}]},{\"@type\":\"WebSite\",\"@id\":\"https:\/\/www.fruskogorski-maraton.com\/#website\",\"url\":\"https:\/\/www.fruskogorski-maraton.com\/\",\"name\":\"Fru\u0161kogorski maraton\",\"description\":\"takmi\u010darsko-rekreativna manifestacija me\u0111unarodnog karaktera\",\"publisher\":{\"@id\":\"https:\/\/www.fruskogorski-maraton.com\/#organization\"},\"potentialAction\":[{\"@type\":\"SearchAction\",\"target\":{\"@type\":\"EntryPoint\",\"urlTemplate\":\"https:\/\/www.fruskogorski-maraton.com\/?s={search_term_string}\"},\"query-input\":{\"@type\":\"PropertyValueSpecification\",\"valueRequired\":true,\"valueName\":\"search_term_string\"}}],\"inLanguage\":\"en-US\"},{\"@type\":\"Organization\",\"@id\":\"https:\/\/www.fruskogorski-maraton.com\/#organization\",\"name\":\"Fru\u0161kogorski maraton\",\"url\":\"https:\/\/www.fruskogorski-maraton.com\/\",\"logo\":{\"@type\":\"ImageObject\",\"inLanguage\":\"en-US\",\"@id\":\"https:\/\/www.fruskogorski-maraton.com\/#\/schema\/logo\/image\/\",\"url\":\"https:\/\/www.fruskogorski-maraton.com\/wp-content\/uploads\/2017\/10\/logo.png\",\"contentUrl\":\"https:\/\/www.fruskogorski-maraton.com\/wp-content\/uploads\/2017\/10\/logo.png\",\"width\":234,\"height\":70,\"caption\":\"Fru\u0161kogorski maraton\"},\"image\":{\"@id\":\"https:\/\/www.fruskogorski-maraton.com\/#\/schema\/logo\/image\/\"},\"sameAs\":[\"https:\/\/www.facebook.com\/fgmaraton\"]}]}<\/script>\n<!-- \/ Yoast SEO plugin. -->","yoast_head_json":{"title":"Ultra Extreme Marathon - Fru\u0161kogorski maraton - staze i okpene stanice","description":"Ultra ekstremni maraton. Staza za ultra ekstremni maraton. Track za ultra ekstremni maraton. Okrepa za ultra ekstremni maraton","robots":{"index":"index","follow":"follow","max-snippet":"max-snippet:-1","max-image-preview":"max-image-preview:large","max-video-preview":"max-video-preview:-1"},"canonical":"https:\/\/www.fruskogorski-maraton.com\/en\/ultra-extreme-marathon\/","og_locale":"en_US","og_type":"article","og_title":"Ultra Extreme Marathon - Fru\u0161kogorski maraton - staze i okpene stanice","og_description":"Ultra ekstremni maraton. Staza za ultra ekstremni maraton. Track za ultra ekstremni maraton. Okrepa za ultra ekstremni maraton","og_url":"https:\/\/www.fruskogorski-maraton.com\/en\/ultra-extreme-marathon\/","og_site_name":"Fru\u0161kogorski maraton","article_publisher":"https:\/\/www.facebook.com\/fgmaraton","article_modified_time":"2023-07-24T09:48:06+00:00","twitter_card":"summary_large_image","schema":{"@context":"https:\/\/schema.org","@graph":[{"@type":"WebPage","@id":"https:\/\/www.fruskogorski-maraton.com\/en\/ultra-extreme-marathon\/","url":"https:\/\/www.fruskogorski-maraton.com\/en\/ultra-extreme-marathon\/","name":"Ultra Extreme Marathon - Fru\u0161kogorski maraton - staze i okpene stanice","isPartOf":{"@id":"https:\/\/www.fruskogorski-maraton.com\/#website"},"datePublished":"2017-10-31T10:30:10+00:00","dateModified":"2023-07-24T09:48:06+00:00","description":"Ultra ekstremni maraton. Staza za ultra ekstremni maraton. Track za ultra ekstremni maraton. Okrepa za ultra ekstremni maraton","breadcrumb":{"@id":"https:\/\/www.fruskogorski-maraton.com\/en\/ultra-extreme-marathon\/#breadcrumb"},"inLanguage":"en-US","potentialAction":[{"@type":"ReadAction","target":["https:\/\/www.fruskogorski-maraton.com\/en\/ultra-extreme-marathon\/"]}]},{"@type":"BreadcrumbList","@id":"https:\/\/www.fruskogorski-maraton.com\/en\/ultra-extreme-marathon\/#breadcrumb","itemListElement":[{"@type":"ListItem","position":1,"name":"\u041f\u043e\u0447\u0435\u0442\u043d\u0430","item":"https:\/\/www.fruskogorski-maraton.com\/en\/"},{"@type":"ListItem","position":2,"name":"Ultra Extreme Marathon"}]},{"@type":"WebSite","@id":"https:\/\/www.fruskogorski-maraton.com\/#website","url":"https:\/\/www.fruskogorski-maraton.com\/","name":"Fru\u0161kogorski maraton","description":"takmi\u010darsko-rekreativna manifestacija me\u0111unarodnog karaktera","publisher":{"@id":"https:\/\/www.fruskogorski-maraton.com\/#organization"},"potentialAction":[{"@type":"SearchAction","target":{"@type":"EntryPoint","urlTemplate":"https:\/\/www.fruskogorski-maraton.com\/?s={search_term_string}"},"query-input":{"@type":"PropertyValueSpecification","valueRequired":true,"valueName":"search_term_string"}}],"inLanguage":"en-US"},{"@type":"Organization","@id":"https:\/\/www.fruskogorski-maraton.com\/#organization","name":"Fru\u0161kogorski maraton","url":"https:\/\/www.fruskogorski-maraton.com\/","logo":{"@type":"ImageObject","inLanguage":"en-US","@id":"https:\/\/www.fruskogorski-maraton.com\/#\/schema\/logo\/image\/","url":"https:\/\/www.fruskogorski-maraton.com\/wp-content\/uploads\/2017\/10\/logo.png","contentUrl":"https:\/\/www.fruskogorski-maraton.com\/wp-content\/uploads\/2017\/10\/logo.png","width":234,"height":70,"caption":"Fru\u0161kogorski maraton"},"image":{"@id":"https:\/\/www.fruskogorski-maraton.com\/#\/schema\/logo\/image\/"},"sameAs":["https:\/\/www.facebook.com\/fgmaraton"]}]}},"_links":{"self":[{"href":"https:\/\/www.fruskogorski-maraton.com\/en\/wp-json\/wp\/v2\/pages\/1473","targetHints":{"allow":["GET"]}}],"collection":[{"href":"https:\/\/www.fruskogorski-maraton.com\/en\/wp-json\/wp\/v2\/pages"}],"about":[{"href":"https:\/\/www.fruskogorski-maraton.com\/en\/wp-json\/wp\/v2\/types\/page"}],"author":[{"embeddable":true,"href":"https:\/\/www.fruskogorski-maraton.com\/en\/wp-json\/wp\/v2\/users\/4"}],"replies":[{"embeddable":true,"href":"https:\/\/www.fruskogorski-maraton.com\/en\/wp-json\/wp\/v2\/comments?post=1473"}],"version-history":[{"count":7,"href":"https:\/\/www.fruskogorski-maraton.com\/en\/wp-json\/wp\/v2\/pages\/1473\/revisions"}],"predecessor-version":[{"id":13617,"href":"https:\/\/www.fruskogorski-maraton.com\/en\/wp-json\/wp\/v2\/pages\/1473\/revisions\/13617"}],"wp:attachment":[{"href":"https:\/\/www.fruskogorski-maraton.com\/en\/wp-json\/wp\/v2\/media?parent=1473"}],"curies":[{"name":"wp","href":"https:\/\/api.w.org\/{rel}","templated":true}]}}